{"id":517,"date":"2025-07-03T15:00:12","date_gmt":"2025-07-03T15:00:12","guid":{"rendered":"https:\/\/futuraonline.com.ar\/2025\/producto\/bicicleta-futura-bmx-r-20-%c2%a8-cod-4142-amarilla\/"},"modified":"2026-03-19T14:46:53","modified_gmt":"2026-03-19T14:46:53","slug":"bicicleta-futura-bmx-r-20-%c2%a8-cod-4142-amarilla","status":"publish","type":"product","link":"https:\/\/futuraonline.com.ar\/2025\/producto\/bicicleta-futura-bmx-r-20-%c2%a8-cod-4142-amarilla\/","title":{"rendered":"Bicicleta FUTURA BMX R.20 \u00a8 Cod. 4142 Amarilla"},"content":{"rendered":"<h3>CARACTER\u00cdSTICAS T\u00c9CNICAS.<\/h3>\n<p>Cuadro de acero reforzado.<\/p>\n<p>Rodado 20\u00a8<\/p>\n<p>Pie de apoyo.<\/p>\n<p>Asiento supersoft.<\/p>\n<p>Frenos Universal.<\/p>\n<p>Stem 4 tornillos con tapa de aluminio.<\/p>\n<p>Manubrio tipo BMX.<\/p>\n<p>Dimensiones : 151 x 81 x 22<\/p>\n<p>Producto Hecho en Argentina.<\/p>\n<p>&nbsp;<\/p>\n","protected":false},"excerpt":{"rendered":"<p>Bicicleta FUTURA BMX R.20 Cod.4142.<\/p>\n<p>&nbsp;<\/p>\n<p>Se trata de una bici tipo BMX para ni\u00f1os y ni\u00f1as, sin ning\u00fan tipo de distinsion de genero.<\/p>\n<p>Para principiantes, de uso recreativo, para regalar y tambi\u00e9n comenzar a transmitir el ciclismo desde temprana edad.<\/p>\n<p>Esta es una bici para todos.<\/p>\n<p>O acaso alg\u00fan ni\u00f1# no desea una bici?<\/p>\n<p>&nbsp;<\/p>\n<p>https:\/\/youtu.be\/cR6K3PBMz1w<\/p>\n<p>Disponible en rojo, amarillo, verde y naranja.<\/p>\n<p>&nbsp;<\/p>\n","protected":false},"featured_media":516,"comment_status":"closed","ping_status":"closed","template":"","meta":[],"product_brand":[],"product_cat":[125,140,141,126,144,145],"product_tag":[151,152,129,153,154],"class_list":{"0":"post-517","1":"product","2":"type-product","3":"status-publish","4":"has-post-thumbnail","6":"product_cat-bicicletas","7":"product_cat-e-bikes","8":"product_cat-infantiles","9":"product_cat-mountain-bike","10":"product_cat-prescolar","11":"product_cat-urbanas","12":"product_tag-bici-urbana","13":"product_tag-bicicleta","14":"product_tag-bicicletas-futura","15":"product_tag-bikes","16":"product_tag-bmx","18":"first","19":"outofstock","20":"shipping-taxable","21":"purchasable","22":"product-type-simple"},"_links":{"self":[{"href":"https:\/\/futuraonline.com.ar\/2025\/wp-json\/wp\/v2\/product\/517","targetHints":{"allow":["GET"]}}],"collection":[{"href":"https:\/\/futuraonline.com.ar\/2025\/wp-json\/wp\/v2\/product"}],"about":[{"href":"https:\/\/futuraonline.com.ar\/2025\/wp-json\/wp\/v2\/types\/product"}],"replies":[{"embeddable":true,"href":"https:\/\/futuraonline.com.ar\/2025\/wp-json\/wp\/v2\/comments?post=517"}],"version-history":[{"count":1,"href":"https:\/\/futuraonline.com.ar\/2025\/wp-json\/wp\/v2\/product\/517\/revisions"}],"predecessor-version":[{"id":608,"href":"https:\/\/futuraonline.com.ar\/2025\/wp-json\/wp\/v2\/product\/517\/revisions\/608"}],"wp:featuredmedia":[{"embeddable":true,"href":"https:\/\/futuraonline.com.ar\/2025\/wp-json\/wp\/v2\/media\/516"}],"wp:attachment":[{"href":"https:\/\/futuraonline.com.ar\/2025\/wp-json\/wp\/v2\/media?parent=517"}],"wp:term":[{"taxonomy":"product_brand","embeddable":true,"href":"https:\/\/futuraonline.com.ar\/2025\/wp-json\/wp\/v2\/product_brand?post=517"},{"taxonomy":"product_cat","embeddable":true,"href":"https:\/\/futuraonline.com.ar\/2025\/wp-json\/wp\/v2\/product_cat?post=517"},{"taxonomy":"product_tag","embeddable":true,"href":"https:\/\/futuraonline.com.ar\/2025\/wp-json\/wp\/v2\/product_tag?post=517"}],"curies":[{"name":"wp","href":"https:\/\/api.w.org\/{rel}","templated":true}]}}