{"id":496,"date":"2025-07-03T14:57:11","date_gmt":"2025-07-03T14:57:11","guid":{"rendered":"https:\/\/futuraonline.com.ar\/2025\/producto\/bicicleta-mtb-modelo-mantis-r-29-21v-shimano-celeste-matenegro-rojo\/"},"modified":"2026-03-19T14:35:11","modified_gmt":"2026-03-19T14:35:11","slug":"bicicleta-mtb-modelo-mantis-r-29-21v-shimano-celeste-matenegro-rojo","status":"publish","type":"product","link":"https:\/\/futuraonline.com.ar\/2025\/producto\/bicicleta-mtb-modelo-mantis-r-29-21v-shimano-celeste-matenegro-rojo\/","title":{"rendered":"Bicicleta MTB Modelo MANTIS R.29&#8243; 21V SHIMANO  \/ Celeste Mate,Negro, Rojo."},"content":{"rendered":"<ul>\n<li>CUADRO DE ALUMINIO 6061. 18\u00a8 (M).<\/li>\n<li>Soportes para portaequipaje y portacarama\u00f1ola.<\/li>\n<li>Shifters SHIMANO TX-30 21S.<\/li>\n<li>Juego de direcci\u00f3n Aheadset semintegrado NECO.<\/li>\n<li>Stem de Aluminio.<\/li>\n<li>Freno a disco mec\u00e1nico.<\/li>\n<li>Horquilla con suspencion Mecanica.<\/li>\n<li>Cambio SHIMANO TZ.<\/li>\n<li>Descarrilador SHIMANO.<\/li>\n<li>Pi\u00f1on\u00a0 INDEX 7V.<\/li>\n<li>Llantas de aluminio doble pared.<\/li>\n<li>Asiento Supersoft.<\/li>\n<li>Forma de acero 700 mm.<\/li>\n<li>Portasilla 31.8 mm x 300.<\/li>\n<li>Caja sellada.<\/li>\n<li>Collar de asiento de aluminio.<\/li>\n<li>Cierre r\u00e1pido en el portasilla y rueda delantera.<\/li>\n<li>Reflectores de Seguridad frontales, traseros, pedales y ruedas.<\/li>\n<li>GARANT\u00cdA ESCRITA 6 MESES.<\/li>\n<li>DIMENSIONES 1.50 * 0.80 * 0.20.<\/li>\n<li>DISPONIBILIDAD : MEDIA<\/li>\n<li>ORIGEN ARGENTINA.<\/li>\n<\/ul>\n<p>&nbsp;<\/p>\n","protected":false},"excerpt":{"rendered":"<p>Bicicleta Mountainbike FUTURA modelo MANTIS Rodado 29\u00a8 de 21 Velocidades.<\/p>\n<p>Cambio, Descarrilador y Shifters SHIMANO Tourney.<\/p>\n<p>Producto Hecho en Argentina.<\/p>\n<p>&nbsp;<\/p>\n<p>&nbsp;<\/p>\n<p>Les dejamos aqu\u00ed un breve v\u00eddeo.<\/p>\n<p>https:\/\/youtu.be\/t6Ibc0WV20E<\/p>\n<p>(*) El fabricante se reserva el derecho de realizar cambios a la configuraci\u00f3n aqu\u00ed exhibida.<\/p>\n<p>Si as\u00ed fuese, ser\u00e1 por componentes de similar funcionamiento y prestaci\u00f3n.<\/p>\n","protected":false},"featured_media":495,"comment_status":"closed","ping_status":"closed","template":"","meta":[],"product_brand":[],"product_cat":[125,126],"product_tag":[146,129,127,136,149,150],"class_list":{"0":"post-496","1":"product","2":"type-product","3":"status-publish","4":"has-post-thumbnail","6":"product_cat-bicicletas","7":"product_cat-mountain-bike","8":"product_tag-bicicletas","9":"product_tag-bicicletas-futura","10":"product_tag-bicicletas-futura-lynce-mountain-bike-mtb","11":"product_tag-mantis","12":"product_tag-mountain-bike","13":"product_tag-shimano","15":"first","16":"outofstock","17":"shipping-taxable","18":"purchasable","19":"product-type-simple"},"_links":{"self":[{"href":"https:\/\/futuraonline.com.ar\/2025\/wp-json\/wp\/v2\/product\/496","targetHints":{"allow":["GET"]}}],"collection":[{"href":"https:\/\/futuraonline.com.ar\/2025\/wp-json\/wp\/v2\/product"}],"about":[{"href":"https:\/\/futuraonline.com.ar\/2025\/wp-json\/wp\/v2\/types\/product"}],"replies":[{"embeddable":true,"href":"https:\/\/futuraonline.com.ar\/2025\/wp-json\/wp\/v2\/comments?post=496"}],"version-history":[{"count":1,"href":"https:\/\/futuraonline.com.ar\/2025\/wp-json\/wp\/v2\/product\/496\/revisions"}],"predecessor-version":[{"id":610,"href":"https:\/\/futuraonline.com.ar\/2025\/wp-json\/wp\/v2\/product\/496\/revisions\/610"}],"wp:featuredmedia":[{"embeddable":true,"href":"https:\/\/futuraonline.com.ar\/2025\/wp-json\/wp\/v2\/media\/495"}],"wp:attachment":[{"href":"https:\/\/futuraonline.com.ar\/2025\/wp-json\/wp\/v2\/media?parent=496"}],"wp:term":[{"taxonomy":"product_brand","embeddable":true,"href":"https:\/\/futuraonline.com.ar\/2025\/wp-json\/wp\/v2\/product_brand?post=496"},{"taxonomy":"product_cat","embeddable":true,"href":"https:\/\/futuraonline.com.ar\/2025\/wp-json\/wp\/v2\/product_cat?post=496"},{"taxonomy":"product_tag","embeddable":true,"href":"https:\/\/futuraonline.com.ar\/2025\/wp-json\/wp\/v2\/product_tag?post=496"}],"curies":[{"name":"wp","href":"https:\/\/api.w.org\/{rel}","templated":true}]}}