{"id":479,"date":"2025-07-03T14:52:24","date_gmt":"2025-07-03T14:52:24","guid":{"rendered":"https:\/\/futuraonline.com.ar\/2025\/producto\/bicicleta-mtb-modelo-mantis-r-29-azul-mate-turquesa\/"},"modified":"2026-03-26T18:44:56","modified_gmt":"2026-03-26T18:44:56","slug":"bicicleta-mtb-modelo-mantis-r-29-azul-mate-turquesa","status":"publish","type":"product","link":"https:\/\/futuraonline.com.ar\/2025\/producto\/bicicleta-mtb-modelo-mantis-r-29-azul-mate-turquesa\/","title":{"rendered":"Bicicleta MTB Modelo MANTIS R.29&#8243; Azul Mate \/ Turquesa."},"content":{"rendered":"<ul>\n<li>CUADRO DE ALUMINIO 6061. 18\u00a8 (M).<\/li>\n<li>Soportes para portaequipaje y portacarama\u00f1ola.<\/li>\n<li>Shifters SHIMANO.<\/li>\n<li>Juego de direcci\u00f3n Aheadset semintegrado NECO.<\/li>\n<li>Stem de Aluminio.<\/li>\n<li>Freno a disco mec\u00e1nico.<\/li>\n<li>Horquilla con suspencion Mecanica.<\/li>\n<li>Cambio SHIMANO TZ.<\/li>\n<li>Descarrilador SHIMANO.<\/li>\n<li>Pi\u00f1on\u00a0 INDEX 7V.<\/li>\n<li>Llantas de aluminio doble pared.<\/li>\n<li>Asiento Supersoft.<\/li>\n<li>Forma de acero 700 mm.<\/li>\n<li>Portasilla 27.2 mm x 300.<\/li>\n<li>Caja sellada.<\/li>\n<li>Collar de asiento de aluminio.<\/li>\n<li>Cierre r\u00e1pido en el portasilla y rueda delantera.<\/li>\n<li>Reflectores de Seguridad frontales, traseros, pedales y ruedas.<\/li>\n<li>GARANT\u00cdA ESCRITA 6 MESES.<\/li>\n<li>DIMENSIONES 1.50 * 0.80 * 0.20.<\/li>\n<li>DISPONIBILIDAD : MEDIA<\/li>\n<li>Producto Hecho en Argentina.<\/li>\n<\/ul>\n<p><iframe title=\"Bicicleta MTB Modelo Mantis 29er.\" width=\"1220\" height=\"686\" src=\"https:\/\/www.youtube.com\/embed\/t6Ibc0WV20E?feature=oembed\" frameborder=\"0\" allow=\"accelerometer; autoplay; clipboard-write; encrypted-media; gyroscope; picture-in-picture; web-share\" referrerpolicy=\"strict-origin-when-cross-origin\" allowfullscreen><\/iframe><\/p>\n<p>&nbsp;<\/p>\n","protected":false},"excerpt":{"rendered":"<p>Bicicleta Mountain Bike FUTURA modelo MANTIS Rodado 29\u00a8 de 21 Velocidades.<\/p>\n<p>Se trata de un producto noble Full Shimano, uno de nuestros emblem\u00e1ticos modelos para salir a pedalear, disfrutar caminos, realizar alguna traves\u00eda de cicloturismo, solo o acompa\u00f1ado.<\/p>\n<p>Mantis nos garantiza confiabilidad, adaptabilidad a cualquier upgrade t\u00e9cnico, podes incorporar o quitar lo que desees, mejorar alguna pieza o adaptarla a tu uso. Soportes para bikepacking, portacarama\u00f1olas, fusible trasero por si rompes, podes reponer solo el fusible y ac\u00e1, el limite lo pones vos y tu voluntad.<\/p>\n<p>Procura un buen setup inicial ya que de lo contrario podr\u00e1s sufrir eventos no amparados en la garant\u00eda. Tene en cuenta que la bici te llegar\u00e1 a tu casa en una caja. Nosotros sugerimos acercarte a tu taller de confianza y prestes especial atenci\u00f3n a la altura del asiento, al ajuste de los pedales, una buena lubricacion inicial y a darle camino a esa nave.<\/p>\n<p>Tambi\u00e9n viene en Celeste Matte.<\/p>\n<p>Si te gusta apurate, quedan pocas.<\/p>\n<p>&nbsp;<\/p>\n","protected":false},"featured_media":478,"comment_status":"closed","ping_status":"closed","template":"","meta":[],"product_brand":[],"product_cat":[125,126],"product_tag":[128,129,136,137,132],"class_list":{"0":"post-479","1":"product","2":"type-product","3":"status-publish","4":"has-post-thumbnail","6":"product_cat-bicicletas","7":"product_cat-mountain-bike","8":"product_tag-29er","9":"product_tag-bicicletas-futura","10":"product_tag-mantis","11":"product_tag-mountainbilke","12":"product_tag-mtb","14":"first","15":"instock","16":"sale","17":"shipping-taxable","18":"purchasable","19":"product-type-simple"},"_links":{"self":[{"href":"https:\/\/futuraonline.com.ar\/2025\/wp-json\/wp\/v2\/product\/479","targetHints":{"allow":["GET"]}}],"collection":[{"href":"https:\/\/futuraonline.com.ar\/2025\/wp-json\/wp\/v2\/product"}],"about":[{"href":"https:\/\/futuraonline.com.ar\/2025\/wp-json\/wp\/v2\/types\/product"}],"replies":[{"embeddable":true,"href":"https:\/\/futuraonline.com.ar\/2025\/wp-json\/wp\/v2\/comments?post=479"}],"version-history":[{"count":7,"href":"https:\/\/futuraonline.com.ar\/2025\/wp-json\/wp\/v2\/product\/479\/revisions"}],"predecessor-version":[{"id":1025,"href":"https:\/\/futuraonline.com.ar\/2025\/wp-json\/wp\/v2\/product\/479\/revisions\/1025"}],"wp:featuredmedia":[{"embeddable":true,"href":"https:\/\/futuraonline.com.ar\/2025\/wp-json\/wp\/v2\/media\/478"}],"wp:attachment":[{"href":"https:\/\/futuraonline.com.ar\/2025\/wp-json\/wp\/v2\/media?parent=479"}],"wp:term":[{"taxonomy":"product_brand","embeddable":true,"href":"https:\/\/futuraonline.com.ar\/2025\/wp-json\/wp\/v2\/product_brand?post=479"},{"taxonomy":"product_cat","embeddable":true,"href":"https:\/\/futuraonline.com.ar\/2025\/wp-json\/wp\/v2\/product_cat?post=479"},{"taxonomy":"product_tag","embeddable":true,"href":"https:\/\/futuraonline.com.ar\/2025\/wp-json\/wp\/v2\/product_tag?post=479"}],"curies":[{"name":"wp","href":"https:\/\/api.w.org\/{rel}","templated":true}]}}