{"id":75,"date":"2022-08-12T14:39:34","date_gmt":"2022-08-12T14:39:34","guid":{"rendered":"https:\/\/futuraonline.com.ar\/2025\/?page_id=75"},"modified":"2025-09-30T20:52:30","modified_gmt":"2025-09-30T20:52:30","slug":"la-empresa","status":"publish","type":"page","link":"https:\/\/futuraonline.com.ar\/2025\/la-empresa\/","title":{"rendered":"La empresa"},"content":{"rendered":"\t\t<div data-elementor-type=\"wp-page\" data-elementor-id=\"75\" class=\"elementor elementor-75\" data-elementor-post-type=\"page\">\n\t\t\t\t\t\t<section class=\"elementor-section elementor-top-section elementor-element elementor-element-9fab2b8 elementor-section-stretched elementor-section-boxed elementor-section-height-default elementor-section-height-default\" data-id=\"9fab2b8\" data-element_type=\"section\" data-e-type=\"section\" data-settings=\"{&quot;stretch_section&quot;:&quot;section-stretched&quot;,&quot;background_background&quot;:&quot;classic&quot;}\">\n\t\t\t\t\t\t<div class=\"elementor-container elementor-column-gap-wider\">\n\t\t\t\t\t<div class=\"elementor-column elementor-col-100 elementor-top-column elementor-element elementor-element-f761215\" data-id=\"f761215\" data-element_type=\"column\" data-e-type=\"column\">\n\t\t\t<div class=\"elementor-widget-wrap elementor-element-populated\">\n\t\t\t\t\t\t<section class=\"elementor-section elementor-inner-section elementor-element elementor-element-701923c elementor-section-content-middle elementor-reverse-mobile elementor-section-boxed elementor-section-height-default elementor-section-height-default\" data-id=\"701923c\" data-element_type=\"section\" data-e-type=\"section\">\n\t\t\t\t\t\t<div class=\"elementor-container elementor-column-gap-default\">\n\t\t\t\t\t<div class=\"elementor-column elementor-col-50 elementor-inner-column elementor-element elementor-element-223a491\" data-id=\"223a491\" data-element_type=\"column\" data-e-type=\"column\">\n\t\t\t<div class=\"elementor-widget-wrap elementor-element-populated\">\n\t\t\t\t\t\t<div class=\"elementor-element elementor-element-dd2fe73 elementor-widget elementor-widget-heading\" data-id=\"dd2fe73\" data-element_type=\"widget\" data-e-type=\"widget\" data-widget_type=\"heading.default\">\n\t\t\t\t\t<h2 class=\"elementor-heading-title elementor-size-default\"><span style=\"color:#62cfdd\">Bicicletas Futura<\/span>, una bicicleta para cada destino.<\/h2>\t\t\t\t<\/div>\n\t\t\t\t<div class=\"elementor-element elementor-element-07737e6 elementor-widget elementor-widget-text-editor\" data-id=\"07737e6\" data-element_type=\"widget\" data-e-type=\"widget\" data-widget_type=\"text-editor.default\">\n\t\t\t\t\t\t\t\t\t<p class=\"p1\">Somos una empresa que ofrece productos para la movilidad, para todo tipo de p\u00fablico, infantil, joven, adulto, para uso recreativo e incluso tambi\u00e9n para uso deportivo.<\/p><p class=\"p1\">La empresa se encuentra en el sur el \u00e1rea Metropolitana de la Provincia de Buenos Aires.<\/p><p class=\"p1\">Adem\u00e1s de ofrecer bicicletas, fabricamos los cuadros para estas unidades, llantas de aluminio, ca\u00f1os de asiento, manubrios, portaequipajes, rayos y varios de los accesorios utilizados para la fabricaci\u00f3n de cuadros.<\/p><p class=\"p1\">Luego de una rigurosa selecci\u00f3n de insumos importados logramos completar los componentes necesarios para montar una unidad.<\/p><p class=\"p1\">Nuestras bicicletas son distribuidas en todo el pa\u00eds, desde Salta hasta Tierra del Fuego y desde Mendoza hasta Buenos Aires, sin distinci\u00f3n de clase, de g\u00e9nero, ni de ideolog\u00eda m\u00e1s que la de usar la bici, para lo que sea. Andar en bicicleta es andar libre, es moverse, es ir, de ac\u00e1 para all\u00e1 sin mas que algo de fuerza en las piernas y una bici \u00a8que te lleve a todos lados\u00a8.<\/p><p class=\"p1\">Pasear, ir de compras, llevar los ni\u00f1os al colegio, para chicos, para grandes, para ir al trabajo, al gimnasio, para salir a pedalear, para moverse claro est\u00e1.<\/p><p class=\"p1\">Queremos, por otra parte, reconocer y destacar que cuando un consumidor elige una bicicleta FUTURA sin saberlo, est\u00e1 impulsando la industria, impulsa el desarrollo productivo, impulsa el empleo de calidad y en \u00f3ptimas condiciones de trabajo. Comprando una FUTURA est\u00e1 d\u00e1ndole soporte a un gran grupo personas que d\u00eda a d\u00eda dan lo mejor para que esas bicicletas lleguen all\u00ed en las condiciones necesarias para que la experiencia de uso sea positiva.<\/p><p class=\"p1\">Por todo esto, agradecemos y valoramos a todos los vendedores y retailers de la marca por ese lugar en sus tiendas, e invitamos a quienes deseen vender FUTURA en la suya a que soliciten un vendedor <a href=\"https:\/\/www.futuraonline.com.ar\/solicitud-de-vendedor\/\" target=\"_blank\" rel=\"noopener\"><span class=\"s1\">AQUI<\/span><\/a> dejando su informaci\u00f3n para luego contactarnos, y claro agradecemos tambi\u00e9n a todos los usuarios de la marca que d\u00eda a d\u00eda eligen una FUTURA<\/p>\t\t\t\t\t\t\t\t<\/div>\n\t\t\t\t\t<\/div>\n\t\t<\/div>\n\t\t\t\t<div class=\"elementor-column elementor-col-50 elementor-inner-column elementor-element elementor-element-edc42f4\" data-id=\"edc42f4\" data-element_type=\"column\" data-e-type=\"column\">\n\t\t\t<div class=\"elementor-widget-wrap elementor-element-populated\">\n\t\t\t\t\t\t<div class=\"elementor-element elementor-element-df86f29 elementor-widget__width-initial elementor-widget elementor-widget-image\" data-id=\"df86f29\" data-element_type=\"widget\" data-e-type=\"widget\" data-widget_type=\"image.default\">\n\t\t\t\t\t\t\t\t\t\t\t\t\t\t\t<img fetchpriority=\"high\" decoding=\"async\" width=\"780\" height=\"669\" src=\"https:\/\/futuraonline.com.ar\/2025\/wp-content\/uploads\/2022\/08\/bethemestore2-about-pic1.webp\" class=\"attachment-large size-large wp-image-78\" alt=\"\" \/>\t\t\t\t\t\t\t\t\t\t\t\t\t\t\t<\/div>\n\t\t\t\t<div class=\"elementor-element elementor-element-ba80996 elementor-align-center elementor-widget elementor-widget-button\" data-id=\"ba80996\" data-element_type=\"widget\" data-e-type=\"widget\" data-widget_type=\"button.default\">\n\t\t\t\t\t\t\t\t\t\t<a class=\"elementor-button elementor-button-link elementor-size-sm\" href=\"https:\/\/futuraonline.com.ar\/2025\/contacto\/\">\n\t\t\t\t\t\t<span class=\"elementor-button-content-wrapper\">\n\t\t\t\t\t\t<span class=\"elementor-button-icon\">\n\t\t\t\t<svg aria-hidden=\"true\" class=\"e-font-icon-svg e-fas-angle-down\" viewBox=\"0 0 320 512\" xmlns=\"http:\/\/www.w3.org\/2000\/svg\"><path d=\"M143 352.3L7 216.3c-9.4-9.4-9.4-24.6 0-33.9l22.6-22.6c9.4-9.4 24.6-9.4 33.9 0l96.4 96.4 96.4-96.4c9.4-9.4 24.6-9.4 33.9 0l22.6 22.6c9.4 9.4 9.4 24.6 0 33.9l-136 136c-9.2 9.4-24.4 9.4-33.8 0z\"><\/path><\/svg>\t\t\t<\/span>\n\t\t\t\t\t\t\t\t\t<span class=\"elementor-button-text\">Contactanos <\/span>\n\t\t\t\t\t<\/span>\n\t\t\t\t\t<\/a>\n\t\t\t\t\t\t\t\t<\/div>\n\t\t\t\t\t<\/div>\n\t\t<\/div>\n\t\t\t\t\t<\/div>\n\t\t<\/section>\n\t\t\t\t\t<\/div>\n\t\t<\/div>\n\t\t\t\t\t<\/div>\n\t\t<\/section>\n\t\t\t\t<\/div>\n\t\t","protected":false},"excerpt":{"rendered":"<p>Bicicletas Futura, una bicicleta para cada destino. Somos una empresa que ofrece productos para la movilidad, para todo tipo de p\u00fablico, infantil, joven, adulto, para uso<span class=\"excerpt-hellip\"> [\u2026]<\/span><\/p>\n","protected":false},"author":1,"featured_media":0,"parent":0,"menu_order":0,"comment_status":"open","ping_status":"closed","template":"","meta":{"footnotes":""},"class_list":["post-75","page","type-page","status-publish","hentry"],"_links":{"self":[{"href":"https:\/\/futuraonline.com.ar\/2025\/wp-json\/wp\/v2\/pages\/75","targetHints":{"allow":["GET"]}}],"collection":[{"href":"https:\/\/futuraonline.com.ar\/2025\/wp-json\/wp\/v2\/pages"}],"about":[{"href":"https:\/\/futuraonline.com.ar\/2025\/wp-json\/wp\/v2\/types\/page"}],"author":[{"embeddable":true,"href":"https:\/\/futuraonline.com.ar\/2025\/wp-json\/wp\/v2\/users\/1"}],"replies":[{"embeddable":true,"href":"https:\/\/futuraonline.com.ar\/2025\/wp-json\/wp\/v2\/comments?post=75"}],"version-history":[{"count":13,"href":"https:\/\/futuraonline.com.ar\/2025\/wp-json\/wp\/v2\/pages\/75\/revisions"}],"predecessor-version":[{"id":811,"href":"https:\/\/futuraonline.com.ar\/2025\/wp-json\/wp\/v2\/pages\/75\/revisions\/811"}],"wp:attachment":[{"href":"https:\/\/futuraonline.com.ar\/2025\/wp-json\/wp\/v2\/media?parent=75"}],"curies":[{"name":"wp","href":"https:\/\/api.w.org\/{rel}","templated":true}]}}